{"id":1067,"date":"2020-04-20T15:14:44","date_gmt":"2020-04-20T07:14:44","guid":{"rendered":"https:\/\/fxoak.comm\/promotions\/"},"modified":"2023-12-19T15:34:59","modified_gmt":"2023-12-19T07:34:59","slug":"promotions","status":"publish","type":"page","link":"https:\/\/fxoak.com\/vi\/promotions\/","title":{"rendered":"Promotions"},"content":{"rendered":"<p>[et_pb_section fb_built=&#8221;1&#8243; _builder_version=&#8221;4.22.1&#8243; background_image=&#8221;https:\/\/fxoak.com\/wp-content\/uploads\/2023\/12\/supportbanner.png&#8221; custom_padding=&#8221;39px||41px|||&#8221; hover_enabled=&#8221;0&#8243; da_disable_devices=&#8221;off|off|off&#8221; locked=&#8221;off&#8221; global_colors_info=&#8221;{}&#8221; title_text=&#8221;supportbanner&#8221; sticky_enabled=&#8221;0&#8243; da_is_popup=&#8221;off&#8221; da_exit_intent=&#8221;off&#8221; da_has_close=&#8221;on&#8221; da_alt_close=&#8221;off&#8221; da_dark_close=&#8221;off&#8221; da_not_modal=&#8221;on&#8221; da_is_singular=&#8221;off&#8221; da_with_loader=&#8221;off&#8221; da_has_shadow=&#8221;on&#8221;][et_pb_row _builder_version=&#8221;4.16&#8243; global_colors_info=&#8221;{}&#8221;][et_pb_column type=&#8221;4_4&#8243; _builder_version=&#8221;4.16&#8243; global_colors_info=&#8221;{}&#8221;][et_pb_text _builder_version=&#8221;4.16&#8243; header_text_color=&#8221;#ffffff&#8221; global_colors_info=&#8221;{}&#8221;]<\/p>\n<h1 style=\"text-align: center;\">\u0110\u1ec3 gi\u00fap<\/h1>\n<p>[\/et_pb_text][\/et_pb_column][\/et_pb_row][\/et_pb_section][et_pb_section fb_built=&#8221;1&#8243; _builder_version=&#8221;4.16&#8243; custom_padding=&#8221;35px||0px|||&#8221; da_disable_devices=&#8221;off|off|off&#8221; global_colors_info=&#8221;{}&#8221; da_is_popup=&#8221;off&#8221; da_exit_intent=&#8221;off&#8221; da_has_close=&#8221;on&#8221; da_alt_close=&#8221;off&#8221; da_dark_close=&#8221;off&#8221; da_not_modal=&#8221;on&#8221; da_is_singular=&#8221;off&#8221; da_with_loader=&#8221;off&#8221; da_has_shadow=&#8221;on&#8221;][et_pb_row column_structure=&#8221;1_4,3_4&#8243; _builder_version=&#8221;4.16&#8243; global_colors_info=&#8221;{}&#8221;][et_pb_column type=&#8221;1_4&#8243; _builder_version=&#8221;4.16&#8243; global_colors_info=&#8221;{}&#8221;][et_pb_text disabled_on=&#8221;on|on|off&#8221; _builder_version=&#8221;4.16&#8243; link_text_color=&#8221;#666666&#8243; custom_margin=&#8221;||30px|||&#8221; locked=&#8221;off&#8221; global_colors_info=&#8221;{}&#8221; link_text_color__hover_enabled=&#8221;on|hover&#8221; link_text_color__hover=&#8221;#ef953c&#8221;]<\/p>\n<h3>H\u1ed6 TR\u1ee2<\/h3>\n<p>&nbsp;<\/p>\n<p><a href=\"https:\/\/fxoak.com\/promotions\/\">Ho\u1ea1t \u0111\u1ed9ng<\/a><a href=\"https:\/\/fxoak.com\/trading_methodologies\/\"><\/a><\/p>\n<p><a href=\"https:\/\/fxoak.com\/vip-customers\">VIP<\/a><\/p>\n<p><a href=\"https:\/\/fxoak.com\/bonus-policy\/\">V\u1ec1 ti\u1ec1n th\u01b0\u1edfng<\/a><\/p>\n<p><a href=\"https:\/\/fxoak.com\/forget-password\/\">Qu\u00ean m\u1eadt kh\u1ea9u<\/a><\/p>\n<p><a href=\"https:\/\/fxoak.com\/change-password\/\">Thay \u0111\u1ed5i m\u1eadt kh\u1ea9u<\/a><\/p>\n<p><a href=\"https:\/\/fxoak.com\/faq\/\">V\u1ea5n \u0111\u1ec1 th\u00f4ng th\u01b0\u1eddng <\/a><\/p>\n<p>[\/et_pb_text][\/et_pb_column][et_pb_column type=&#8221;3_4&#8243; _builder_version=&#8221;4.16&#8243; global_colors_info=&#8221;{}&#8221;][et_pb_text _builder_version=&#8221;4.16&#8243; header_2_text_color=&#8221;#db3b16&#8243; global_colors_info=&#8221;{}&#8221;]<\/p>\n<h2>Ho\u1ea1t \u0111\u1ed9ng<\/h2>\n<p>[\/et_pb_text][et_pb_blog posts_number=&#8221;6&#8243; include_categories=&#8221;22&#8243; meta_date=&#8221;d M Y&#8221; show_thumbnail=&#8221;off&#8221; excerpt_length=&#8221;350&#8243; show_more=&#8221;on&#8221; show_author=&#8221;off&#8221; show_date=&#8221;off&#8221; show_categories=&#8221;off&#8221; _builder_version=&#8221;4.16&#8243; header_text_color=&#8221;#000000&#8243; header_line_height=&#8221;1.5em&#8221; body_text_align=&#8221;justify&#8221; meta_text_color=&#8221;#000000&#8243; meta_line_height=&#8221;2.2em&#8221; read_more_font=&#8221;|||on|||||&#8221; read_more_text_color=&#8221;#db3b16&#8243; pagination_font=&#8221;||||||||&#8221; global_colors_info=&#8221;{}&#8221;][\/et_pb_blog][\/et_pb_column][\/et_pb_row][\/et_pb_section][et_pb_section fb_built=&#8221;1&#8243; _builder_version=&#8221;4.16&#8243; background_color=&#8221;#052d0b&#8221; custom_padding=&#8221;15px||14px|||&#8221; da_disable_devices=&#8221;off|off|off&#8221; global_colors_info=&#8221;{}&#8221; da_is_popup=&#8221;off&#8221; da_exit_intent=&#8221;off&#8221; da_has_close=&#8221;on&#8221; da_alt_close=&#8221;off&#8221; da_dark_close=&#8221;off&#8221; da_not_modal=&#8221;on&#8221; da_is_singular=&#8221;off&#8221; da_with_loader=&#8221;off&#8221; da_has_shadow=&#8221;on&#8221;][et_pb_row column_structure=&#8221;1_6,1_6,1_6,1_6,1_6,1_6&#8243; use_custom_gutter=&#8221;on&#8221; gutter_width=&#8221;2&#8243; module_class=&#8221;three-columns&#8221; _builder_version=&#8221;4.16&#8243; custom_padding=&#8221;||20px|||&#8221; global_colors_info=&#8221;{}&#8221;][et_pb_column type=&#8221;1_6&#8243; _builder_version=&#8221;4.16&#8243; global_colors_info=&#8221;{}&#8221;][et_pb_text _builder_version=&#8221;4.16&#8243; text_text_color=&#8221;#cccccc&#8221; link_text_color=&#8221;#cccccc&#8221; header_5_text_color=&#8221;#f2f2f2&#8243; global_colors_info=&#8221;{}&#8221; link_text_color__hover_enabled=&#8221;on|hover&#8221; link_text_color__hover=&#8221;#ef953c&#8221;]<\/p>\n<h5>T\u1ea2I XU\u1ed0NG PH\u1ea6N M\u1ec0M<\/h5>\n<p><img decoding=\"async\" style=\"margin-right: 10px;\" src=\"https:\/\/fxoak.com\/wp-content\/uploads\/2020\/04\/Asset-9.png\" width=\"15\" \/>\u00a0<a href=\"https:\/\/download.metatrader.com\/cdn\/web\/21159\/mt4\/fxoak4setup.exe\">T\u1ea3i xu\u1ed1ng MT4<\/a><br \/> <img decoding=\"async\" style=\"margin-right: 10px;\" src=\"https:\/\/fxoak.com\/wp-content\/uploads\/2020\/04\/Asset-9.png\" width=\"15\" \/>\u00a0<a href=\"https:\/\/countdown.fxoak.com\/production\/FXOAK\/assets\/DerivativesPlugin-FXOAK-1.4.20.exe\">T\u1ea3i xu\u1ed1ng plugin<\/a><br \/> <img decoding=\"async\" style=\"margin-right: 10px;\" src=\"https:\/\/fxoak.com\/wp-content\/uploads\/2020\/04\/Asset-9.png\" width=\"15\" \/>\u00a0<a href=\"\/?page_id=222#mobile_trading\">Giao d\u1ecbch tr\u00ean \u0111i\u1ec7n tho\u1ea1i<\/a><br \/> <img decoding=\"async\" style=\"margin-right: 10px;\" src=\"https:\/\/fxoak.com\/wp-content\/uploads\/2020\/04\/Asset-9.png\" width=\"15\" \/>\u00a0<a href=\"https:\/\/fxoak.com\/wt\">Giao d\u1ecbch tr\u00ean web<\/a><\/p>\n<p>[\/et_pb_text][\/et_pb_column][et_pb_column type=&#8221;1_6&#8243; _builder_version=&#8221;4.16&#8243; global_colors_info=&#8221;{}&#8221;][et_pb_text _builder_version=&#8221;4.16&#8243; text_text_color=&#8221;#cccccc&#8221; link_text_color=&#8221;#cccccc&#8221; header_5_text_color=&#8221;#f2f2f2&#8243; global_colors_info=&#8221;{}&#8221; link_text_color__hover=&#8221;#ef953c&#8221; link_text_color__hover_enabled=&#8221;on|hover&#8221;]<\/p>\n<h5>V\u1ec0 CH\u00daNG T\u00d4I<\/h5>\n<p><a href=\"\/?page_id=355\">Th\u00f4ng b\u00e1o <\/a><br \/> <a href=\"\/?page_id=370\" target=\"_blank\" rel=\"noopener noreferrer\">Th\u00f4ng tin li\u00ean h\u1ec7<\/a><br \/> <a href=\"\/?page_id=318\">H\u1ed3 s\u01a1 c\u00f4ng ty<\/a><br \/> <a href=\"\/?page_id=332\">C\u01a1 quan qu\u1ea3n l\u00fd<\/a><br \/> <a href=\"\/?page_id=336\">Ti\u1ec1n v\u1ed1n an to\u00e0n<\/a><br \/> <a href=\"\/?page_id=339\">Ph\u00ed th\u1ee7 t\u1ee5c 0<\/a><br \/> <a href=\"\/?page_id=363\">Giao d\u1ecbch c\u00f3 tr\u00e1ch nhi\u1ec7m <\/a><\/p>\n<p>[\/et_pb_text][\/et_pb_column][et_pb_column type=&#8221;1_6&#8243; _builder_version=&#8221;4.16&#8243; global_colors_info=&#8221;{}&#8221;][et_pb_text _builder_version=&#8221;4.16&#8243; text_text_color=&#8221;#cccccc&#8221; link_text_color=&#8221;#cccccc&#8221; header_5_text_color=&#8221;#f2f2f2&#8243; global_colors_info=&#8221;{}&#8221; link_text_color__hover=&#8221;#ef953c&#8221; link_text_color__hover_enabled=&#8221;on|hover&#8221;]<\/p>\n<h5>H\u01af\u1edaNG D\u1eaaN NHANH<\/h5>\n<p><a href=\"\/?page_id=133\">H\u01b0\u1edbng d\u1eabn m\u1edf t\u00e0i kho\u1ea3n<\/a><br \/> <a href=\"\/?page_id=150\">T\u1ea3i xu\u1ed1ng &amp; c\u00e0i \u0111\u1eb7t<\/a><br \/> <a href=\"\/?page_id=199\">H\u01b0\u1edbng d\u1eabn n\u1ea1p ti\u1ec1n<\/a><br \/> <a href=\"\/?page_id=222\">Giao d\u1ecbch tr\u00ean MT4<\/a><br \/> <a href=\"\/?page_id=236\">H\u01b0\u1edbng d\u1eabn n\u1ea1p ti\u1ec1n<\/a><\/p>\n<p>[\/et_pb_text][\/et_pb_column][et_pb_column type=&#8221;1_6&#8243; _builder_version=&#8221;4.16&#8243; global_colors_info=&#8221;{}&#8221;][et_pb_text _builder_version=&#8221;4.16&#8243; text_text_color=&#8221;#cccccc&#8221; link_text_color=&#8221;#cccccc&#8221; header_5_text_color=&#8221;#f2f2f2&#8243; global_colors_info=&#8221;{}&#8221; link_text_color__hover=&#8221;#ef953c&#8221; link_text_color__hover_enabled=&#8221;on|hover&#8221;]<\/p>\n<h5>TRUNG T\u00c2M D\u1ea0Y H\u1eccC<\/h5>\n<p><a href=\"\/?page_id=380\">TRUNG T\u00c2M D\u1ea0Y H\u1eccC<\/a><br \/> <a href=\"\/?page_id=395\">Ph\u00e2n t\u00edch h\u00e0ng ng\u00e0y<\/a><br \/> <a href=\"\/?page_id=405\">Chia s\u1ebb giao d\u1ecbch<\/a><br \/> <a href=\"\/?page_id=573\">Chi\u1ebfn l\u01b0\u1ee3c giao d\u1ecbch<\/a><br \/> <a href=\"\/?page_id=561\">Ph\u01b0\u01a1ng th\u1ee9c giao d\u1ecbch <\/a><\/p>\n<p>[\/et_pb_text][\/et_pb_column][et_pb_column type=&#8221;1_6&#8243; _builder_version=&#8221;4.16&#8243; global_colors_info=&#8221;{}&#8221;][et_pb_text _builder_version=&#8221;4.16&#8243; text_text_color=&#8221;#cccccc&#8221; link_text_color=&#8221;#cccccc&#8221; header_5_text_color=&#8221;#f2f2f2&#8243; global_colors_info=&#8221;{}&#8221; link_text_color__hover=&#8221;#ef953c&#8221; link_text_color__hover_enabled=&#8221;on|hover&#8221;]<\/p>\n<h5>H\u1ed6 TR\u1ee2<\/h5>\n<p><a href=\"\/?page_id=458\">Ho\u1ea1t \u0111\u1ed9ng<\/a><br \/> <a href=\"\/?page_id=464\">VIP<\/a><br \/> <a href=\"\/?page_id=236#withdrawal_notes\">X\u00e1c minh t\u00e0i kho\u1ea3n<\/a><br \/> <a href=\"\/?page_id=482\">V\u1ec1 ti\u1ec1n th\u01b0\u1edfng<\/a><br \/> <a href=\"\/?page_id=498\">Qu\u00ean m\u1eadt kh\u1ea9u<\/a><br \/> <a href=\"\/?page_id=505\">Thay \u0111\u1ed5i m\u1eadt kh\u1ea9u<\/a><br \/> <a href=\"\/?page_id=509\">V\u1ea5n \u0111\u1ec1 th\u00f4ng th\u01b0\u1eddng <\/a><\/p>\n<p>[\/et_pb_text][\/et_pb_column][et_pb_column type=&#8221;1_6&#8243; _builder_version=&#8221;4.16&#8243; global_colors_info=&#8221;{}&#8221;][et_pb_text _builder_version=&#8221;4.16&#8243; text_text_color=&#8221;#cccccc&#8221; link_text_color=&#8221;#cccccc&#8221; header_5_text_color=&#8221;#f2f2f2&#8243; global_colors_info=&#8221;{}&#8221; link_text_color__hover=&#8221;#ef953c&#8221; link_text_color__hover_enabled=&#8221;on|hover&#8221;]<\/p>\n<h5>C\u00c1C \u0110I\u1ec0U KH\u00c1C<\/h5>\n<p><a href=\"\/?page_id=527\">H\u1ee3p t\u00e1c \u0111\u1ea1i l\u00fd<\/a><br \/> <a href=\"\/?page_id=540\">Gi\u1edbi thi\u1ec7u b\u1ea1n b\u00e8<\/a><br \/> <a href=\"\/?page_id=545\">Ch\u00ednh s\u00e1ch ch\u1ed1ng r\u1eeda ti\u1ec1n<\/a><br \/> <a href=\"\/?page_id=547\">Ch\u00ednh s\u00e1ch b\u1ea3o m\u1eadt<\/a><br \/> <a href=\"\/?page_id=550\">B\u1ea3n kh\u01b0\u1edbc t\u1eeb tr\u00e1ch nhi\u1ec7m<\/a><br \/> <a href=\"\/?page_id=554\">\u0110i\u1ec1u kho\u1ea3n <\/a><\/p>\n<p>[\/et_pb_text][\/et_pb_column][\/et_pb_row][et_pb_row _builder_version=&#8221;4.16&#8243; custom_padding=&#8221;6px||0px|||&#8221; global_colors_info=&#8221;{}&#8221;][et_pb_column type=&#8221;4_4&#8243; _builder_version=&#8221;4.16&#8243; global_colors_info=&#8221;{}&#8221;][et_pb_text _builder_version=&#8221;4.16&#8243; text_text_color=&#8221;#cccccc&#8221; custom_padding=&#8221;14px||||false|false&#8221; border_width_top=&#8221;1px&#8221; border_color_top=&#8221;#565656&#8243; locked=&#8221;off&#8221; global_colors_info=&#8221;{}&#8221;]<\/p>\n<p style=\"text-align: justify;\"><span style=\"color: #ffffff;\"><strong>High Risk Investment Warning:<\/strong><\/span> Derivative options trading involve significant investment risk, we strongly recommend that you read and understand the terms and conditions. Although every independent risk derivative options trading are flxed. However being a trader,the investment operation is flexible,which may cause you to lose partially or all of the original investment, especially if the trader invest on single online trading product. We strongly recommend investors to choose an appropriate tradiing method and asset management make good control of consecutive trading and total investment.<\/p>\n<p style=\"text-align: justify;\"><span style=\"color: #ffffff;\"><strong>Regional Restrictions\uff1a<\/strong><\/span>We does not provide services to residents of the United States, British Columbia, Canada, Australia, Belgium, France, etc.<\/p>\n<p>[\/et_pb_text][et_pb_code disabled_on=&#8221;on|on|on&#8221; _builder_version=&#8221;4.16&#8243; disabled=&#8221;on&#8221; global_colors_info=&#8221;{}&#8221;]<!-- Live800Icon:Live chat[Floating]Start--><!-- [et_pb_line_break_holder] --><!-- [et_pb_line_break_holder] --><\/p>\n<div style=\"display: none;\"><a href=\"https:\/\/www.live800.com\">\u7f51\u7ad9\u5bf9\u8bdd<\/a><\/div>\n<p><!-- [et_pb_line_break_holder] --><script language=\"javascript\" src=\"https:\/\/v2.live800.com\/live800\/chatClient\/floatButton.js?jid=4930193435&#038;companyID=869095&#038;configID=128528&#038;codeType=custom&#038;ss=1\"><\/script><!-- [et_pb_line_break_holder] --><\/p>\n<div style=\"display: none;\"><a href=\"https:\/\/en.live800.com\">Live Chat<\/a><\/div>\n<p><!-- [et_pb_line_break_holder] --><!-- [et_pb_line_break_holder] --><!-- End:Live chat block--><!-- [et_pb_line_break_holder] --><!-- [et_pb_line_break_holder] --><!-- Live800 Function Script: Start--><!-- [et_pb_line_break_holder] --><script language=\"javascript\" src=\"https:\/\/v2.live800.com\/live800\/chatClient\/monitor.js?jid=4930193435&#038;companyID=869095&#038;configID=126699&#038;codeType=custom&#038;ss=1\"><\/script><!-- [et_pb_line_break_holder] --><!-- Live800 Function Script: End--><!-- [et_pb_line_break_holder] -->[\/et_pb_code][\/et_pb_column][\/et_pb_row][\/et_pb_section][et_pb_section fb_built=&#8221;1&#8243; _builder_version=&#8221;4.16&#8243; background_color=&#8221;#000000&#8243; custom_padding=&#8221;0px||0px|||&#8221; da_disable_devices=&#8221;off|off|off&#8221; global_colors_info=&#8221;{}&#8221; da_is_popup=&#8221;off&#8221; da_exit_intent=&#8221;off&#8221; da_has_close=&#8221;on&#8221; da_alt_close=&#8221;off&#8221; da_dark_close=&#8221;off&#8221; da_not_modal=&#8221;on&#8221; da_is_singular=&#8221;off&#8221; da_with_loader=&#8221;off&#8221; da_has_shadow=&#8221;on&#8221;][et_pb_row _builder_version=&#8221;4.16&#8243; custom_padding=&#8221;11px||11px|||&#8221; global_colors_info=&#8221;{}&#8221;][et_pb_column type=&#8221;4_4&#8243; _builder_version=&#8221;4.16&#8243; global_colors_info=&#8221;{}&#8221;][et_pb_text _builder_version=&#8221;4.16&#8243; text_text_color=&#8221;#cccccc&#8221; text_orientation=&#8221;center&#8221; global_colors_info=&#8221;{}&#8221;]Copyright 2020. All Rights Reserved[\/et_pb_text][\/et_pb_column][\/et_pb_row][\/et_pb_section]<\/p>\n","protected":false},"excerpt":{"rendered":"<p>\u0110\u1ec3 gi\u00fapH\u1ed6 TR\u1ee2 &nbsp; Ho\u1ea1t \u0111\u1ed9ng VIP V\u1ec1 ti\u1ec1n th\u01b0\u1edfng Qu\u00ean m\u1eadt kh\u1ea9u Thay \u0111\u1ed5i m\u1eadt kh\u1ea9u V\u1ea5n \u0111\u1ec1 th\u00f4ng th\u01b0\u1eddng Ho\u1ea1t \u0111\u1ed9ngT\u1ea2I XU\u1ed0NG PH\u1ea6N M\u1ec0M \u00a0T\u1ea3i xu\u1ed1ng MT4 \u00a0T\u1ea3i xu\u1ed1ng plugin \u00a0Giao d\u1ecbch tr\u00ean \u0111i\u1ec7n tho\u1ea1i \u00a0Giao d\u1ecbch tr\u00ean webV\u1ec0 CH\u00daNG T\u00d4I Th\u00f4ng b\u00e1o Th\u00f4ng tin li\u00ean h\u1ec7 H\u1ed3 s\u01a1 c\u00f4ng ty C\u01a1 quan [&hellip;]<\/p>\n","protected":false},"author":2,"featured_media":0,"parent":0,"menu_order":0,"comment_status":"closed","ping_status":"closed","template":"","meta":{"_et_pb_use_builder":"on","_et_pb_old_content":"","_et_gb_content_width":"","footnotes":""},"class_list":["post-1067","page","type-page","status-publish","hentry"],"_links":{"self":[{"href":"https:\/\/fxoak.com\/vi\/wp-json\/wp\/v2\/pages\/1067","targetHints":{"allow":["GET"]}}],"collection":[{"href":"https:\/\/fxoak.com\/vi\/wp-json\/wp\/v2\/pages"}],"about":[{"href":"https:\/\/fxoak.com\/vi\/wp-json\/wp\/v2\/types\/page"}],"author":[{"embeddable":true,"href":"https:\/\/fxoak.com\/vi\/wp-json\/wp\/v2\/users\/2"}],"replies":[{"embeddable":true,"href":"https:\/\/fxoak.com\/vi\/wp-json\/wp\/v2\/comments?post=1067"}],"version-history":[{"count":0,"href":"https:\/\/fxoak.com\/vi\/wp-json\/wp\/v2\/pages\/1067\/revisions"}],"wp:attachment":[{"href":"https:\/\/fxoak.com\/vi\/wp-json\/wp\/v2\/media?parent=1067"}],"curies":[{"name":"wp","href":"https:\/\/api.w.org\/{rel}","templated":true}]}}