{"id":1086,"date":"2020-04-20T16:51:10","date_gmt":"2020-04-20T08:51:10","guid":{"rendered":"https:\/\/fxoak.comm\/download-and-install\/"},"modified":"2023-12-19T14:48:54","modified_gmt":"2023-12-19T06:48:54","slug":"download-and-install","status":"publish","type":"page","link":"https:\/\/fxoak.com\/vi\/download-and-install\/","title":{"rendered":"Download and Install"},"content":{"rendered":"<p>[et_pb_section fb_built=&#8221;1&#8243; _builder_version=&#8221;4.22.1&#8243; background_image=&#8221;https:\/\/fxoak.com\/wp-content\/uploads\/2023\/12\/quickguidebar.png&#8221; custom_padding=&#8221;39px||41px|||&#8221; hover_enabled=&#8221;0&#8243; da_disable_devices=&#8221;off|off|off&#8221; locked=&#8221;off&#8221; global_colors_info=&#8221;{}&#8221; title_text=&#8221;quickguidebar&#8221; sticky_enabled=&#8221;0&#8243; da_is_popup=&#8221;off&#8221; da_exit_intent=&#8221;off&#8221; da_has_close=&#8221;on&#8221; da_alt_close=&#8221;off&#8221; da_dark_close=&#8221;off&#8221; da_not_modal=&#8221;on&#8221; da_is_singular=&#8221;off&#8221; da_with_loader=&#8221;off&#8221; da_has_shadow=&#8221;on&#8221;][et_pb_row _builder_version=&#8221;4.16&#8243; global_colors_info=&#8221;{}&#8221;][et_pb_column type=&#8221;4_4&#8243; _builder_version=&#8221;4.16&#8243; global_colors_info=&#8221;{}&#8221;][et_pb_text _builder_version=&#8221;4.16&#8243; header_text_color=&#8221;#ffffff&#8221; global_colors_info=&#8221;{}&#8221;]<\/p>\n<h1 style=\"text-align: center;\">H\u01af\u1edaNG D\u1eaaN NHANH<\/h1>\n<p>[\/et_pb_text][\/et_pb_column][\/et_pb_row][\/et_pb_section][et_pb_section fb_built=&#8221;1&#8243; _builder_version=&#8221;4.16&#8243; custom_padding=&#8221;35px||0px|||&#8221; da_disable_devices=&#8221;off|off|off&#8221; global_colors_info=&#8221;{}&#8221; da_is_popup=&#8221;off&#8221; da_exit_intent=&#8221;off&#8221; da_has_close=&#8221;on&#8221; da_alt_close=&#8221;off&#8221; da_dark_close=&#8221;off&#8221; da_not_modal=&#8221;on&#8221; da_is_singular=&#8221;off&#8221; da_with_loader=&#8221;off&#8221; da_has_shadow=&#8221;on&#8221;][et_pb_row column_structure=&#8221;1_4,3_4&#8243; _builder_version=&#8221;4.16&#8243; global_colors_info=&#8221;{}&#8221;][et_pb_column type=&#8221;1_4&#8243; _builder_version=&#8221;4.16&#8243; global_colors_info=&#8221;{}&#8221;][et_pb_text disabled_on=&#8221;on|on|off&#8221; _builder_version=&#8221;4.16&#8243; link_text_color=&#8221;#666666&#8243; locked=&#8221;off&#8221; global_colors_info=&#8221;{}&#8221; link_text_color__hover_enabled=&#8221;on|hover&#8221; link_text_color__hover=&#8221;#ef953c&#8221;]<\/p>\n<h3>li\u00ean k\u1ebft nhanh<\/h3>\n<p>&nbsp;<\/p>\n<p><a href=\"https:\/\/fxoak.com\/how-to-register\/\">H\u01b0\u1edbng d\u1eabn m\u1edf t\u00e0i kho\u1ea3n<\/a><\/p>\n<p><a href=\"https:\/\/fxoak.com\/download-and-install\/\">T\u1ea3i xu\u1ed1ng &amp; c\u00e0i \u0111\u1eb7t<\/a><\/p>\n<p><a href=\"https:\/\/fxoak.com\/how-to-deposit\/\">H\u01b0\u1edbng d\u1eabn n\u1ea1p ti\u1ec1n<\/a><\/p>\n<p><a href=\"https:\/\/fxoak.com\/how-to-trade\/\">Giao d\u1ecbch tr\u00ean MT4<\/a><\/p>\n<p><a href=\"https:\/\/fxoak.com\/how-to-withdraw\/\">H\u01b0\u1edbng d\u1eabn n\u1ea1p ti\u1ec1n<\/a><\/p>\n<p>[\/et_pb_text][\/et_pb_column][et_pb_column type=&#8221;3_4&#8243; _builder_version=&#8221;4.16&#8243; global_colors_info=&#8221;{}&#8221;][et_pb_text _builder_version=&#8221;4.16&#8243; header_2_text_color=&#8221;#db3b16&#8243; global_colors_info=&#8221;{}&#8221;]<\/p>\n<h2>T\u1ea3i xu\u1ed1ng &amp; C\u00e0i \u0111\u1eb7t<\/h2>\n<p>[\/et_pb_text][et_pb_text _builder_version=&#8221;4.16&#8243; custom_margin=&#8221;||14px|||&#8221; global_colors_info=&#8221;{}&#8221;]<\/p>\n<p>T\u1ea3i xu\u1ed1ng &amp; c\u00e0i \u0111\u1eb7t bao g\u1ed3m 2 ph\u1ea7n: c\u00e0i \u0111\u1eb7t ph\u1ea7n m\u1ec1m giao d\u1ecbch MT4, c\u00e0i \u0111\u1eb7t plugin giao d\u1ecbch ng\u1eafn h\u1ea1n v\u00e0 \u0111i\u1ec1u ch\u1ec9nh MT4<\/p>\n<p>&nbsp;<\/p>\n<h4>T\u1ea3i xu\u1ed1ng v\u00e0 c\u00e0i \u0111\u1eb7t MT4<\/h4>\n<p>1. Click \u0111\u1ec3 t\u1ea3i xu\u1ed1ng MT4<\/p>\n<p>[\/et_pb_text][et_pb_button button_url=&#8221;https:\/\/download.metatrader.com\/cdn\/web\/21159\/mt4\/fxoak4setup.exe&#8221; button_text=&#8221;\u0111\u1ec3 t\u1ea3i xu\u1ed1ng MT4&#8243; button_alignment=&#8221;left&#8221; _builder_version=&#8221;4.16&#8243; custom_button=&#8221;on&#8221; button_text_size=&#8221;14px&#8221; button_text_color=&#8221;#ffffff&#8221; button_bg_color=&#8221;#db3b16&#8243; button_border_color=&#8221;rgba(0,0,0,0)&#8221; button_border_radius=&#8221;25px&#8221; button_font=&#8221;|700||on|||||&#8221; button_icon=&#8221;&#x45;||divi||400&#8243; custom_padding=&#8221;8px|50px|8px|50px|true|true&#8221; global_colors_info=&#8221;{}&#8221;][\/et_pb_button][et_pb_text _builder_version=&#8221;4.16&#8243; custom_margin=&#8221;||14px|||&#8221; global_colors_info=&#8221;{}&#8221;]<\/p>\n<p><img decoding=\"async\" src=\"https:\/\/fxoak.com\/wp-content\/uploads\/2020\/04\/setupicon.jpg\" width=\"80\" style=\"float: right; margin-left: 30px; margin-top: -10px;\" \/>2. Sau khi t\u1ea3i xu\u1ed1ng, tr\u00ean desktop b\u1ea1n s\u1ebd c\u00f3 m\u1ed9t shortcut nh\u01b0 sau v\u00e0 nh\u1ea5p \u0111\u00fap chu\u1ed9t \u0111\u1ec3 b\u1eaft \u0111\u1ea7u c\u00e0i \u0111\u1eb7t:<\/p>\n<p>[\/et_pb_text][et_pb_text _builder_version=&#8221;4.16&#8243; custom_margin=&#8221;||14px|||&#8221; global_colors_info=&#8221;{}&#8221;]<\/p>\n<p>3.\u00a0\u0110\u1ed3ng \u00fd c\u00e1c \u0111i\u1ec1u kho\u1ea3n, b\u1ea5m \u201cNext\u201d<\/p>\n<p>[\/et_pb_text][et_pb_image src=&#8221;https:\/\/fxoak.com\/wp-content\/uploads\/2023\/12\/Install1.png&#8221; _builder_version=&#8221;4.22.1&#8243; max_width=&#8221;500px&#8221; hover_enabled=&#8221;0&#8243; global_colors_info=&#8221;{}&#8221; title_text=&#8221;Install1&#8243; sticky_enabled=&#8221;0&#8243;][\/et_pb_image][et_pb_text _builder_version=&#8221;4.16&#8243; global_colors_info=&#8221;{}&#8221;]<\/p>\n<p style=\"text-align: justify;\">4. Ch\u1ecdn\u00a0<span style=\"color: #ff6600;\"><strong>fxoak-real01<\/strong><\/span>, b\u1ea5m \u201cnext step\u201d<\/p>\n<p>[\/et_pb_text][et_pb_image src=&#8221;https:\/\/fxoak.com\/wp-content\/uploads\/2023\/12\/Install2.jpg&#8221; _builder_version=&#8221;4.22.1&#8243; hover_enabled=&#8221;0&#8243; global_colors_info=&#8221;{}&#8221; title_text=&#8221;Install2&#8243; sticky_enabled=&#8221;0&#8243;][\/et_pb_image][et_pb_text _builder_version=&#8221;4.16&#8243; global_colors_info=&#8221;{}&#8221;]<\/p>\n<p style=\"text-align: justify;\">5.\u00a0Ch\u1ecdn &#8220;<span style=\"color: #ff6600;\"><strong>Use the existing trading account<\/strong><\/span>&#8220;, , nh\u1eadp v\u00e0o t\u00e0i kho\u1ea3n MT4 v\u00e0 m\u1eadt kh\u1ea9u b\u1ea1n, sau \u0111\u00f3 nh\u1ea5p ch\u1ed7 &#8220;<strong><span style=\"color: #ff6600;\">Finish<\/span><\/strong>&#8220;.<\/p>\n<p>[\/et_pb_text][et_pb_image src=&#8221;https:\/\/fxoak.com\/wp-content\/uploads\/2023\/12\/Install3.jpg&#8221; _builder_version=&#8221;4.22.1&#8243; hover_enabled=&#8221;0&#8243; global_colors_info=&#8221;{}&#8221; title_text=&#8221;Install3&#8243; sticky_enabled=&#8221;0&#8243;][\/et_pb_image][et_pb_text _builder_version=&#8221;4.16&#8243; global_colors_info=&#8221;{}&#8221;]<\/p>\n<p>6. T\u00ecm s\u1ea3n ph\u1ea9m b\u1ea1n mu\u1ed1n giao d\u1ecbch trong &#8220;Market Watch&#8221;, nh\u1ea5p chu\u1ed9t ph\u1ea3i v\u00e0 ch\u1ecdn &#8220;Chart Window&#8221;, b\u1ea1n s\u1ebd m\u1edf ra m\u1ed9t bi\u1ec3u \u0111\u1ed3 ho\u00e0n to\u00e0n m\u1edbi.<\/p>\n<p>[\/et_pb_text][et_pb_image src=&#8221;https:\/\/fxoak.com\/wp-content\/uploads\/2023\/12\/Install4.jpg&#8221; _builder_version=&#8221;4.22.1&#8243; hover_enabled=&#8221;0&#8243; global_colors_info=&#8221;{}&#8221; title_text=&#8221;Install4&#8243; sticky_enabled=&#8221;0&#8243;][\/et_pb_image][et_pb_text _builder_version=&#8221;4.16&#8243; custom_margin=&#8221;||14px|||&#8221; global_colors_info=&#8221;{}&#8221;]<\/p>\n<h4>T\u1ea3i xu\u1ed1ng v\u00e0 c\u00e0i \u0111\u1eb7t plugin giao d\u1ecbch ngo\u1ea1i h\u1ed1i.<\/h4>\n<p>1. B\u1ea5m v\u00e0o \u0111\u00e2y \u0111\u1ec3 t\u1ea3i xu\u1ed1ng plugin.<\/p>\n<p>[\/et_pb_text][et_pb_button button_url=&#8221;https:\/\/countdown.fxoak.com\/production\/FXOAK\/assets\/DerivativesPlugin-FXOAK-1.4.20.exe&#8221; button_text=&#8221;Trade Plugin Download&#8221; button_alignment=&#8221;left&#8221; _builder_version=&#8221;4.16&#8243; custom_button=&#8221;on&#8221; button_text_size=&#8221;14px&#8221; button_text_color=&#8221;#ffffff&#8221; button_bg_color=&#8221;#db3b16&#8243; button_border_color=&#8221;rgba(0,0,0,0)&#8221; button_border_radius=&#8221;25px&#8221; button_font=&#8221;|700||on|||||&#8221; button_icon=&#8221;&#x45;||divi||400&#8243; custom_padding=&#8221;8px|50px|8px|50px|true|true&#8221; locked=&#8221;off&#8221; global_colors_info=&#8221;{}&#8221;][\/et_pb_button][et_pb_text _builder_version=&#8221;4.16&#8243; custom_margin=&#8221;||14px|||&#8221; global_colors_info=&#8221;{}&#8221;]<\/p>\n<p><img decoding=\"async\" src=\"https:\/\/fxoak.com\/wp-content\/uploads\/2020\/04\/setupicon2.jpg\" width=\"80\" style=\"float: right; margin-left: 30px; margin-top: -20px;\" \/>2.\u00a0T\u1ea3i xu\u1ed1ng xong b\u1ea1n s\u1ebd c\u00f3 shortcut tr\u00ean desktop, nh\u1ea5p \u0111\u00fap chu\u1ed9t \u0111\u1ec3 b\u1eaft \u0111\u1ea7u c\u00e0i \u0111\u1eb7t:<\/p>\n<p>[\/et_pb_text][et_pb_text _builder_version=&#8221;4.16&#8243; global_colors_info=&#8221;{}&#8221;]<\/p>\n<p>3. B\u1ea5m\u00a0 &#8220;<span style=\"color: #ff6600;\"><strong>Next<\/strong><\/span>&#8220;<\/p>\n<p>[\/et_pb_text][et_pb_image src=&#8221;https:\/\/fxoak.com\/wp-content\/uploads\/2023\/12\/Install5.png&#8221; _builder_version=&#8221;4.22.1&#8243; hover_enabled=&#8221;0&#8243; global_colors_info=&#8221;{}&#8221; title_text=&#8221;Install5&#8243; sticky_enabled=&#8221;0&#8243;][\/et_pb_image][et_pb_text _builder_version=&#8221;4.16&#8243; global_colors_info=&#8221;{}&#8221;]<\/p>\n<p>4. 3. Xin l\u01b0u \u00fd n\u1ebfu m\u00e1y t\u00ednh b\u1ea1n t\u1eebng c\u00e0i \u0111\u1eb7t ph\u1ea7n m\u1ec1m MT4 kh\u00e1c th\u00ec s\u1ebd hi\u1ec7n ra nhi\u1ec1u th\u1ee9 \u0111\u1ec3 ch\u1ecdn v\u00e0 h\u00e3y ch\u1ecdn FXOAK MT4.<\/p>\n<p>[\/et_pb_text][et_pb_image src=&#8221;https:\/\/fxoak.com\/wp-content\/uploads\/2023\/12\/Install6.png&#8221; _builder_version=&#8221;4.22.1&#8243; hover_enabled=&#8221;0&#8243; global_colors_info=&#8221;{}&#8221; title_text=&#8221;Install6&#8243; sticky_enabled=&#8221;0&#8243;][\/et_pb_image][et_pb_text _builder_version=&#8221;4.16&#8243; global_colors_info=&#8221;{}&#8221;]<\/p>\n<p>5. 4. Ti\u1ebfp t\u1ee5c nh\u1ea5p v\u00e0o &#8220;<strong><span style=\"color: #ff6600;\">Next<\/span><\/strong>&#8221; sau khi giao di\u1ec7n sau xu\u1ea5t hi\u1ec7n, nh\u1ea5p v\u00e0o ch\u1ed7 &#8220;<strong><span style=\"color: #ff6600;\">Install<\/span><\/strong>&#8220;.<\/p>\n<p>[\/et_pb_text][et_pb_image src=&#8221;https:\/\/fxoak.com\/wp-content\/uploads\/2023\/12\/Install7.png&#8221; _builder_version=&#8221;4.22.1&#8243; hover_enabled=&#8221;0&#8243; global_colors_info=&#8221;{}&#8221; title_text=&#8221;Install7&#8243; sticky_enabled=&#8221;0&#8243;][\/et_pb_image][et_pb_text _builder_version=&#8221;4.16&#8243; global_colors_info=&#8221;{}&#8221;]<\/p>\n<p>6. Nh\u1ea5p v\u00e0o &#8220;<span style=\"color: #ff6600;\"><strong>Finish<\/strong><\/span>&#8221; \u0111\u1ec3 ho\u00e0n th\u00e0nh c\u00e0i \u0111\u1eb7t.<\/p>\n<p>[\/et_pb_text][et_pb_image src=&#8221;https:\/\/fxoak.com\/wp-content\/uploads\/2023\/12\/Install8.png&#8221; _builder_version=&#8221;4.22.1&#8243; hover_enabled=&#8221;0&#8243; global_colors_info=&#8221;{}&#8221; title_text=&#8221;Install8&#8243; sticky_enabled=&#8221;0&#8243;][\/et_pb_image][et_pb_text _builder_version=&#8221;4.16&#8243; global_colors_info=&#8221;{}&#8221;]<\/p>\n<p>7. \u0110\u0103ng nh\u1eadp v\u00e0o t\u00e0i kho\u1ea3n MT4 b\u1ea1n, nh\u1ea5p &#8220;<span style=\"color: #ff6600;\"><strong>Tools<\/strong><\/span>&#8221; sau \u0111\u00f3 nh\u1ea5p &#8220;<strong><span style=\"color: #ff6600;\">Options<\/span><\/strong>&#8221;\u00a0<\/p>\n<p>8.\u00a0Ch\u1ecdn \u201cExpert Advisors\u201d, \u0111\u00e1nh d\u1ea5u hai l\u1ef1a ch\u1ecdn nh\u01b0 sau, click \u201cok\u201d<\/p>\n<p>[\/et_pb_text][et_pb_image src=&#8221;https:\/\/fxoak.com\/wp-content\/uploads\/2023\/12\/Install9.png&#8221; _builder_version=&#8221;4.22.1&#8243; hover_enabled=&#8221;0&#8243; global_colors_info=&#8221;{}&#8221; title_text=&#8221;Install9&#8243; sticky_enabled=&#8221;0&#8243;][\/et_pb_image][et_pb_text _builder_version=&#8221;4.16&#8243; global_colors_info=&#8221;{}&#8221;]<\/p>\n<p>9. Click &#8220;<strong><span style=\"color: #ff6600;\">EA transactionEA transation<\/span><\/strong>&#8220;\u1edf b\u00ean tr\u00e1i, b\u1ea1n c\u00f3 th\u1ec3 t\u00ecm th\u1ea5y&#8221;<span style=\"color: #ff6600;\"><strong>TradePlugin<\/strong><\/span>&#8220;. Nh\u1ea5p \u0111\u00fap &#8220;<span style=\"color: #ff6600;\"><strong>TradePlugin<\/strong><\/span>&#8221; v\u00e0 s\u1ebd hi\u1ec7n ra m\u1ed9t c\u1eeda s\u1ed5, sau \u0111\u00f3 ch\u1ecdn&#8221;<span style=\"color: #ff6600;\"><strong>Common<\/strong><\/span>&#8221; , x\u00e1c nh\u1eadn c\u00e1c th\u1ee9 trong v\u00f2ng tr\u00f2n \u0111\u1ecf v\u00e0 click &#8220;<strong><span style=\"color: #ff6600;\">Confirm<\/span><\/strong>&#8220;.<\/p>\n<p>[\/et_pb_text][et_pb_image src=&#8221;https:\/\/fxoak.com\/wp-content\/uploads\/2023\/12\/Install10.jpg&#8221; _builder_version=&#8221;4.22.1&#8243; hover_enabled=&#8221;0&#8243; global_colors_info=&#8221;{}&#8221; title_text=&#8221;Install10&#8243; sticky_enabled=&#8221;0&#8243;][\/et_pb_image][et_pb_text _builder_version=&#8221;4.16&#8243; global_colors_info=&#8221;{}&#8221;]<\/p>\n<p>10. Sau khi ho\u00e0n th\u00e0nh c\u00e1c b\u01b0\u1edbc thao t\u00e1c tr\u00ean, giao di\u1ec7n MT4 b\u1ea1n s\u1ebd t\u1ef1 \u0111\u1ed9ng xu\u1ea5t hi\u1ec7n c\u1eeda s\u1ed5 giao d\u1ecbch trong v\u00f2ng 1 ph\u00fat.<\/p>\n<p>[\/et_pb_text][et_pb_image src=&#8221;https:\/\/fxoak.com\/wp-content\/uploads\/2023\/12\/Install11-1.jpg&#8221; _builder_version=&#8221;4.22.1&#8243; hover_enabled=&#8221;0&#8243; global_colors_info=&#8221;{}&#8221; title_text=&#8221;Install11&#8243; sticky_enabled=&#8221;0&#8243;][\/et_pb_image][et_pb_text _builder_version=&#8221;4.16&#8243; global_colors_info=&#8221;{}&#8221;]<\/p>\n<p>B\u00e2y gi\u1edd b\u1ea1n c\u00f3 th\u1ec3 b\u1eaft \u0111\u1ea7u giao d\u1ecbch trong c\u1eeda s\u1ed5 giao d\u1ecbch b\u1eadt l\u00ean!<\/p>\n<p>N\u1ebfu b\u1ea1n g\u1eb7p ph\u1ea3i b\u1ea5t k\u1ef3 v\u1ea5n \u0111\u1ec1 n\u00e0o trong qu\u00e1 tr\u00ecnh c\u00e0i \u0111\u1eb7t, h\u00e3y g\u1eedi email \u0111\u1ebfn\u00a0<a href=\"mailto:cs@fxoak.com\" target=\"_blank\" rel=\"noopener noreferrer\">cs@fxoak.com<\/a> \u0111\u1ec3 c\u00f3 t\u01b0 v\u1ea5n.<\/p>\n<p>[\/et_pb_text][\/et_pb_column][\/et_pb_row][\/et_pb_section][et_pb_section fb_built=&#8221;1&#8243; _builder_version=&#8221;4.16&#8243; background_color=&#8221;#052d0b&#8221; custom_padding=&#8221;15px||14px|||&#8221; da_disable_devices=&#8221;off|off|off&#8221; global_colors_info=&#8221;{}&#8221; da_is_popup=&#8221;off&#8221; da_exit_intent=&#8221;off&#8221; da_has_close=&#8221;on&#8221; da_alt_close=&#8221;off&#8221; da_dark_close=&#8221;off&#8221; da_not_modal=&#8221;on&#8221; da_is_singular=&#8221;off&#8221; da_with_loader=&#8221;off&#8221; da_has_shadow=&#8221;on&#8221;][et_pb_row column_structure=&#8221;1_6,1_6,1_6,1_6,1_6,1_6&#8243; use_custom_gutter=&#8221;on&#8221; gutter_width=&#8221;2&#8243; module_class=&#8221;three-columns&#8221; _builder_version=&#8221;4.16&#8243; custom_padding=&#8221;||20px|||&#8221; global_colors_info=&#8221;{}&#8221;][et_pb_column type=&#8221;1_6&#8243; _builder_version=&#8221;4.16&#8243; global_colors_info=&#8221;{}&#8221;][et_pb_text _builder_version=&#8221;4.16&#8243; text_text_color=&#8221;#cccccc&#8221; link_text_color=&#8221;#cccccc&#8221; header_5_text_color=&#8221;#f2f2f2&#8243; global_colors_info=&#8221;{}&#8221; link_text_color__hover_enabled=&#8221;on|hover&#8221; link_text_color__hover=&#8221;#ef953c&#8221;]<\/p>\n<h5>T\u1ea2I XU\u1ed0NG PH\u1ea6N M\u1ec0M<\/h5>\n<p><img decoding=\"async\" style=\"margin-right: 10px;\" src=\"https:\/\/fxoak.com\/wp-content\/uploads\/2020\/04\/Asset-9.png\" width=\"15\" \/>\u00a0<a href=\"https:\/\/download.metatrader.com\/cdn\/web\/21159\/mt4\/fxoak4setup.exe\">T\u1ea3i xu\u1ed1ng MT4<\/a><br \/>\n<img decoding=\"async\" style=\"margin-right: 10px;\" src=\"https:\/\/fxoak.com\/wp-content\/uploads\/2020\/04\/Asset-9.png\" width=\"15\" \/>\u00a0<a href=\"https:\/\/countdown.fxoak.com\/production\/FXOAK\/assets\/DerivativesPlugin-FXOAK-1.4.20.exe\">T\u1ea3i xu\u1ed1ng plugin<\/a><br \/>\n<img decoding=\"async\" style=\"margin-right: 10px;\" src=\"https:\/\/fxoak.com\/wp-content\/uploads\/2020\/04\/Asset-9.png\" width=\"15\" \/>\u00a0<a href=\"\/?page_id=222#mobile_trading\">Giao d\u1ecbch tr\u00ean \u0111i\u1ec7n tho\u1ea1i<\/a><br \/>\n<img decoding=\"async\" style=\"margin-right: 10px;\" src=\"https:\/\/fxoak.com\/wp-content\/uploads\/2020\/04\/Asset-9.png\" width=\"15\" \/>\u00a0<a href=\"https:\/\/fxoak.com\/wt\">Giao d\u1ecbch tr\u00ean web<\/a>[\/et_pb_text][\/et_pb_column][et_pb_column type=&#8221;1_6&#8243; _builder_version=&#8221;4.16&#8243; global_colors_info=&#8221;{}&#8221;][et_pb_text _builder_version=&#8221;4.16&#8243; text_text_color=&#8221;#cccccc&#8221; link_text_color=&#8221;#cccccc&#8221; header_5_text_color=&#8221;#f2f2f2&#8243; global_colors_info=&#8221;{}&#8221; link_text_color__hover=&#8221;#ef953c&#8221; link_text_color__hover_enabled=&#8221;on|hover&#8221;]<\/p>\n<h5>V\u1ec0 CH\u00daNG T\u00d4I<\/h5>\n<p><a href=\"\/?page_id=355\">Th\u00f4ng b\u00e1o <\/a><br \/> <a href=\"\/?page_id=370\" target=\"_blank\" rel=\"noopener noreferrer\">Th\u00f4ng tin li\u00ean h\u1ec7<\/a><br \/> <a href=\"\/?page_id=318\">H\u1ed3 s\u01a1 c\u00f4ng ty<\/a><br \/> <a href=\"\/?page_id=332\">C\u01a1 quan qu\u1ea3n l\u00fd<\/a><br \/> <a href=\"\/?page_id=336\">Ti\u1ec1n v\u1ed1n an to\u00e0n<\/a><br \/> <a href=\"\/?page_id=339\">Ph\u00ed th\u1ee7 t\u1ee5c 0<\/a><br \/> <a href=\"\/?page_id=363\">Giao d\u1ecbch c\u00f3 tr\u00e1ch nhi\u1ec7m <\/a><\/p>\n<p>[\/et_pb_text][\/et_pb_column][et_pb_column type=&#8221;1_6&#8243; _builder_version=&#8221;4.16&#8243; global_colors_info=&#8221;{}&#8221;][et_pb_text _builder_version=&#8221;4.16&#8243; text_text_color=&#8221;#cccccc&#8221; link_text_color=&#8221;#cccccc&#8221; header_5_text_color=&#8221;#f2f2f2&#8243; global_colors_info=&#8221;{}&#8221; link_text_color__hover=&#8221;#ef953c&#8221; link_text_color__hover_enabled=&#8221;on|hover&#8221;]<\/p>\n<h5>H\u01af\u1edaNG D\u1eaaN NHANH<\/h5>\n<p><a href=\"\/?page_id=133\">H\u01b0\u1edbng d\u1eabn m\u1edf t\u00e0i kho\u1ea3n<\/a><br \/> <a href=\"\/?page_id=150\">T\u1ea3i xu\u1ed1ng &amp; c\u00e0i \u0111\u1eb7t<\/a><br \/> <a href=\"\/?page_id=199\">H\u01b0\u1edbng d\u1eabn n\u1ea1p ti\u1ec1n<\/a><br \/> <a href=\"\/?page_id=222\">Giao d\u1ecbch tr\u00ean MT4<\/a><br \/> <a href=\"\/?page_id=236\">H\u01b0\u1edbng d\u1eabn n\u1ea1p ti\u1ec1n<\/a><\/p>\n<p>[\/et_pb_text][\/et_pb_column][et_pb_column type=&#8221;1_6&#8243; _builder_version=&#8221;4.16&#8243; global_colors_info=&#8221;{}&#8221;][et_pb_text _builder_version=&#8221;4.16&#8243; text_text_color=&#8221;#cccccc&#8221; link_text_color=&#8221;#cccccc&#8221; header_5_text_color=&#8221;#f2f2f2&#8243; global_colors_info=&#8221;{}&#8221; link_text_color__hover=&#8221;#ef953c&#8221; link_text_color__hover_enabled=&#8221;on|hover&#8221;]<\/p>\n<h5>TRUNG T\u00c2M D\u1ea0Y H\u1eccC<\/h5>\n<p><a href=\"\/?page_id=380\">TRUNG T\u00c2M D\u1ea0Y H\u1eccC<\/a><br \/> <a href=\"\/?page_id=395\">Ph\u00e2n t\u00edch h\u00e0ng ng\u00e0y<\/a><br \/> <a href=\"\/?page_id=405\">Chia s\u1ebb giao d\u1ecbch<\/a><br \/> <a href=\"\/?page_id=573\">Chi\u1ebfn l\u01b0\u1ee3c giao d\u1ecbch<\/a><br \/> <a href=\"\/?page_id=561\">Ph\u01b0\u01a1ng th\u1ee9c giao d\u1ecbch <\/a><\/p>\n<p>[\/et_pb_text][\/et_pb_column][et_pb_column type=&#8221;1_6&#8243; _builder_version=&#8221;4.16&#8243; global_colors_info=&#8221;{}&#8221;][et_pb_text _builder_version=&#8221;4.16&#8243; text_text_color=&#8221;#cccccc&#8221; link_text_color=&#8221;#cccccc&#8221; header_5_text_color=&#8221;#f2f2f2&#8243; global_colors_info=&#8221;{}&#8221; link_text_color__hover=&#8221;#ef953c&#8221; link_text_color__hover_enabled=&#8221;on|hover&#8221;]<\/p>\n<h5>H\u1ed6 TR\u1ee2<\/h5>\n<p><a href=\"\/?page_id=458\">Ho\u1ea1t \u0111\u1ed9ng<\/a><br \/> <a href=\"\/?page_id=464\">VIP<\/a><br \/> <a href=\"\/?page_id=236#withdrawal_notes\">X\u00e1c minh t\u00e0i kho\u1ea3n<\/a><br \/> <a href=\"\/?page_id=482\">V\u1ec1 ti\u1ec1n th\u01b0\u1edfng<\/a><br \/> <a href=\"\/?page_id=498\">Qu\u00ean m\u1eadt kh\u1ea9u<\/a><br \/> <a href=\"\/?page_id=505\">Thay \u0111\u1ed5i m\u1eadt kh\u1ea9u<\/a><br \/> <a href=\"\/?page_id=509\">V\u1ea5n \u0111\u1ec1 th\u00f4ng th\u01b0\u1eddng <\/a><\/p>\n<p>[\/et_pb_text][\/et_pb_column][et_pb_column type=&#8221;1_6&#8243; _builder_version=&#8221;4.16&#8243; global_colors_info=&#8221;{}&#8221;][et_pb_text _builder_version=&#8221;4.16&#8243; text_text_color=&#8221;#cccccc&#8221; link_text_color=&#8221;#cccccc&#8221; header_5_text_color=&#8221;#f2f2f2&#8243; global_colors_info=&#8221;{}&#8221; link_text_color__hover=&#8221;#ef953c&#8221; link_text_color__hover_enabled=&#8221;on|hover&#8221;]<\/p>\n<h5>C\u00c1C \u0110I\u1ec0U KH\u00c1C<\/h5>\n<p><a href=\"\/?page_id=527\">H\u1ee3p t\u00e1c \u0111\u1ea1i l\u00fd<\/a><br \/> <a href=\"\/?page_id=540\">Gi\u1edbi thi\u1ec7u b\u1ea1n b\u00e8<\/a><br \/> <a href=\"\/?page_id=545\">Ch\u00ednh s\u00e1ch ch\u1ed1ng r\u1eeda ti\u1ec1n<\/a><br \/> <a href=\"\/?page_id=547\">Ch\u00ednh s\u00e1ch b\u1ea3o m\u1eadt<\/a><br \/> <a href=\"\/?page_id=550\">B\u1ea3n kh\u01b0\u1edbc t\u1eeb tr\u00e1ch nhi\u1ec7m<\/a><br \/> <a href=\"\/?page_id=554\">\u0110i\u1ec1u kho\u1ea3n <\/a><\/p>\n<p>[\/et_pb_text][\/et_pb_column][\/et_pb_row][et_pb_row _builder_version=&#8221;4.16&#8243; custom_padding=&#8221;6px||0px|||&#8221; global_colors_info=&#8221;{}&#8221;][et_pb_column type=&#8221;4_4&#8243; _builder_version=&#8221;4.16&#8243; global_colors_info=&#8221;{}&#8221;][et_pb_text _builder_version=&#8221;4.16&#8243; text_text_color=&#8221;#cccccc&#8221; custom_padding=&#8221;14px||||false|false&#8221; border_width_top=&#8221;1px&#8221; border_color_top=&#8221;#565656&#8243; locked=&#8221;off&#8221; global_colors_info=&#8221;{}&#8221;]<\/p>\n<p style=\"text-align: justify;\"><span style=\"color: #ffffff;\"><strong>High Risk Investment Warning:<\/strong><\/span> Derivative options trading involve significant investment risk, we strongly recommend that you read and understand the terms and conditions. Although every independent risk derivative options trading are flxed. However being a trader,the investment operation is flexible,which may cause you to lose partially or all of the original investment, especially if the trader invest on single online trading product. We strongly recommend investors to choose an appropriate tradiing method and asset management make good control of consecutive trading and total investment.<\/p>\n<p style=\"text-align: justify;\"><span style=\"color: #ffffff;\"><strong>Regional Restrictions\uff1a<\/strong><\/span>We does not provide services to residents of the United States, British Columbia, Canada, Australia, Belgium, France, etc.<\/p>\n<p>[\/et_pb_text][et_pb_code disabled_on=&#8221;on|on|on&#8221; _builder_version=&#8221;4.16&#8243; disabled=&#8221;on&#8221; global_colors_info=&#8221;{}&#8221;]<!-- Live800Icon:Live chat[Floating]Start--><!-- [et_pb_line_break_holder] --><!-- [et_pb_line_break_holder] --><\/p>\n<div style=\"display: none;\"><a href=\"https:\/\/www.live800.com\">\u7f51\u7ad9\u5bf9\u8bdd<\/a><\/div>\n<p><!-- [et_pb_line_break_holder] --><script language=\"javascript\" src=\"https:\/\/v2.live800.com\/live800\/chatClient\/floatButton.js?jid=4930193435&#038;companyID=869095&#038;configID=128528&#038;codeType=custom&#038;ss=1\"><\/script><!-- [et_pb_line_break_holder] --><\/p>\n<div style=\"display: none;\"><a href=\"https:\/\/en.live800.com\">Live Chat<\/a><\/div>\n<p><!-- [et_pb_line_break_holder] --><!-- [et_pb_line_break_holder] --><!-- End:Live chat block--><!-- [et_pb_line_break_holder] --><!-- [et_pb_line_break_holder] --><!-- Live800 Function Script: Start--><!-- [et_pb_line_break_holder] --><script language=\"javascript\" src=\"https:\/\/v2.live800.com\/live800\/chatClient\/monitor.js?jid=4930193435&#038;companyID=869095&#038;configID=126699&#038;codeType=custom&#038;ss=1\"><\/script><!-- [et_pb_line_break_holder] --><!-- Live800 Function Script: End--><!-- [et_pb_line_break_holder] -->[\/et_pb_code][\/et_pb_column][\/et_pb_row][\/et_pb_section][et_pb_section fb_built=&#8221;1&#8243; _builder_version=&#8221;4.4.2&#8243; background_color=&#8221;#000000&#8243; custom_padding=&#8221;0px||0px|||&#8221; da_disable_devices=&#8221;off|off|off&#8221; global_module=&#8221;1546&#8243; saved_tabs=&#8221;all&#8221; global_colors_info=&#8221;{}&#8221; da_is_popup=&#8221;off&#8221; da_exit_intent=&#8221;off&#8221; da_has_close=&#8221;on&#8221; da_alt_close=&#8221;off&#8221; da_dark_close=&#8221;off&#8221; da_not_modal=&#8221;on&#8221; da_is_singular=&#8221;off&#8221; da_with_loader=&#8221;off&#8221; da_has_shadow=&#8221;on&#8221;][et_pb_row _builder_version=&#8221;4.16&#8243; custom_padding=&#8221;11px||11px|||&#8221; global_colors_info=&#8221;{}&#8221;][et_pb_column type=&#8221;4_4&#8243; _builder_version=&#8221;4.16&#8243; global_colors_info=&#8221;{}&#8221;][et_pb_text _builder_version=&#8221;4.16&#8243; text_text_color=&#8221;#cccccc&#8221; text_orientation=&#8221;center&#8221; global_colors_info=&#8221;{}&#8221;]<\/p>\n<p>Copyright 2026. All Rights Reserved<\/p>\n<p>[\/et_pb_text][\/et_pb_column][\/et_pb_row][\/et_pb_section]<\/p>\n","protected":false},"excerpt":{"rendered":"<p>H\u01af\u1edaNG D\u1eaaN NHANHli\u00ean k\u1ebft nhanh &nbsp; H\u01b0\u1edbng d\u1eabn m\u1edf t\u00e0i kho\u1ea3n T\u1ea3i xu\u1ed1ng &amp; c\u00e0i \u0111\u1eb7t H\u01b0\u1edbng d\u1eabn n\u1ea1p ti\u1ec1n Giao d\u1ecbch tr\u00ean MT4 H\u01b0\u1edbng d\u1eabn n\u1ea1p ti\u1ec1nT\u1ea3i xu\u1ed1ng &amp; C\u00e0i \u0111\u1eb7tT\u1ea3i xu\u1ed1ng &amp; c\u00e0i \u0111\u1eb7t bao g\u1ed3m 2 ph\u1ea7n: c\u00e0i \u0111\u1eb7t ph\u1ea7n m\u1ec1m giao d\u1ecbch MT4, c\u00e0i \u0111\u1eb7t plugin giao d\u1ecbch ng\u1eafn h\u1ea1n v\u00e0 [&hellip;]<\/p>\n","protected":false},"author":2,"featured_media":0,"parent":0,"menu_order":0,"comment_status":"closed","ping_status":"closed","template":"","meta":{"_et_pb_use_builder":"on","_et_pb_old_content":"","_et_gb_content_width":"","footnotes":""},"class_list":["post-1086","page","type-page","status-publish","hentry"],"_links":{"self":[{"href":"https:\/\/fxoak.com\/vi\/wp-json\/wp\/v2\/pages\/1086","targetHints":{"allow":["GET"]}}],"collection":[{"href":"https:\/\/fxoak.com\/vi\/wp-json\/wp\/v2\/pages"}],"about":[{"href":"https:\/\/fxoak.com\/vi\/wp-json\/wp\/v2\/types\/page"}],"author":[{"embeddable":true,"href":"https:\/\/fxoak.com\/vi\/wp-json\/wp\/v2\/users\/2"}],"replies":[{"embeddable":true,"href":"https:\/\/fxoak.com\/vi\/wp-json\/wp\/v2\/comments?post=1086"}],"version-history":[{"count":0,"href":"https:\/\/fxoak.com\/vi\/wp-json\/wp\/v2\/pages\/1086\/revisions"}],"wp:attachment":[{"href":"https:\/\/fxoak.com\/vi\/wp-json\/wp\/v2\/media?parent=1086"}],"curies":[{"name":"wp","href":"https:\/\/api.w.org\/{rel}","templated":true}]}}